{"id":4058,"date":"2022-08-19T19:38:40","date_gmt":"2022-08-20T03:38:40","guid":{"rendered":"https:\/\/zetarmoulding.com\/?page_id=4058"},"modified":"2022-08-20T00:28:42","modified_gmt":"2022-08-20T08:28:42","slug":"thank-you","status":"publish","type":"page","link":"https:\/\/zetarmoulding.com\/de\/dankeschon\/","title":{"rendered":"Dankesch\u00f6n-Silikon"},"content":{"rendered":"<div data-elementor-type=\"wp-page\" data-elementor-id=\"4058\" class=\"elementor elementor-4058\" data-elementor-settings=\"[]\">\n\t\t\t\t\t\t\t<div class=\"elementor-section-wrap\">\n\t\t\t\t\t\t\t<section class=\"elementor-section elementor-top-section elementor-element elementor-element-392bb9e8 elementor-section-content-middle elementor-section-boxed elementor-section-height-default elementor-section-height-default\" data-id=\"392bb9e8\" data-element_type=\"section\" data-settings=\"{&quot;background_background&quot;:&quot;classic&quot;}\">\n\t\t\t\t\t\t<div class=\"elementor-container elementor-column-gap-default\">\n\t\t\t\t\t<div class=\"elementor-column elementor-col-100 elementor-top-column elementor-element elementor-element-1f149409\" data-id=\"1f149409\" data-element_type=\"column\">\n\t\t\t<div class=\"elementor-widget-wrap elementor-element-populated\">\n\t\t\t\t\t\t\t\t<section class=\"elementor-section elementor-inner-section elementor-element elementor-element-29841f77 elementor-section-boxed elementor-section-height-default elementor-section-height-default\" data-id=\"29841f77\" data-element_type=\"section\">\n\t\t\t\t\t\t<div class=\"elementor-container elementor-column-gap-default\">\n\t\t\t\t\t<div class=\"elementor-column elementor-col-50 elementor-inner-column elementor-element elementor-element-11f55fa8\" data-id=\"11f55fa8\" data-element_type=\"column\">\n\t\t\t<div class=\"elementor-widget-wrap elementor-element-populated\">\n\t\t\t\t\t\t\t\t<div class=\"elementor-element elementor-element-432bf696 elementor-widget elementor-widget-image\" data-id=\"432bf696\" data-element_type=\"widget\" data-widget_type=\"image.default\">\n\t\t\t\t<div class=\"elementor-widget-container\">\n\t\t\t<style>\/*! elementor - v3.5.2 - 22-12-2021 *\/\n.elementor-widget-image{text-align:center}.elementor-widget-image a{display:inline-block}.elementor-widget-image a img[src$=\".svg\"]{width:48px}.elementor-widget-image img{vertical-align:middle;display:inline-block}<\/style>\t\t\t\t\t\t\t\t\t\t\t\t<img loading=\"lazy\" decoding=\"async\" width=\"640\" height=\"640\" src=\"https:\/\/zetarmoulding.com\/wp-content\/uploads\/2022\/08\/Thank-You.jpg\" class=\"attachment-large size-large\" alt=\"\" srcset=\"https:\/\/zetarmoulding.com\/wp-content\/uploads\/2022\/08\/Thank-You.jpg 640w, https:\/\/zetarmoulding.com\/wp-content\/uploads\/2022\/08\/Thank-You-300x300.jpg 300w, https:\/\/zetarmoulding.com\/wp-content\/uploads\/2022\/08\/Thank-You-150x150.jpg 150w, https:\/\/zetarmoulding.com\/wp-content\/uploads\/2022\/08\/Thank-You-600x600.jpg 600w, https:\/\/zetarmoulding.com\/wp-content\/uploads\/2022\/08\/Thank-You-100x100.jpg 100w\" sizes=\"auto, (max-width: 640px) 100vw, 640px\" \/>\t\t\t\t\t\t\t\t\t\t\t\t\t\t\t<\/div>\n\t\t\t\t<\/div>\n\t\t\t\t\t<\/div>\n\t\t<\/div>\n\t\t\t\t<div class=\"elementor-column elementor-col-50 elementor-inner-column elementor-element elementor-element-2605fb7c\" data-id=\"2605fb7c\" data-element_type=\"column\">\n\t\t\t<div class=\"elementor-widget-wrap elementor-element-populated\">\n\t\t\t\t\t\t\t\t<div class=\"elementor-element elementor-element-2c6764bb elementor-widget elementor-widget-text-editor\" data-id=\"2c6764bb\" data-element_type=\"widget\" data-widget_type=\"text-editor.default\">\n\t\t\t\t<div class=\"elementor-widget-container\">\n\t\t\t<style>\/*! elementor - v3.5.2 - 22-12-2021 *\/\n.elementor-widget-text-editor.elementor-drop-cap-view-stacked .elementor-drop-cap{background-color:#818a91;color:#fff}.elementor-widget-text-editor.elementor-drop-cap-view-framed .elementor-drop-cap{color:#818a91;border:3px solid;background-color:transparent}.elementor-widget-text-editor:not(.elementor-drop-cap-view-default) .elementor-drop-cap{margin-top:8px}.elementor-widget-text-editor:not(.elementor-drop-cap-view-default) .elementor-drop-cap-letter{width:1em;height:1em}.elementor-widget-text-editor .elementor-drop-cap{float:left;text-align:center;line-height:1;font-size:50px}.elementor-widget-text-editor .elementor-drop-cap-letter{display:inline-block}<\/style>\t\t\t\t<h1>Wir haben Ihre Anfrage erhalten und werden uns innerhalb eines Werktages mit Ihnen in Verbindung setzen.<\/h1><h1>Wir hoffen, dass unser professionelles Team einen Fachmann wie Sie mit dem gr\u00f6\u00dften Gl\u00fcck treffen und auch Ihnen eine au\u00dfergew\u00f6hnliche Erfahrung mitbringen kann.<\/h1>\t\t\t\t\t\t<\/div>\n\t\t\t\t<\/div>\n\t\t\t\t\t<\/div>\n\t\t<\/div>\n\t\t\t\t\t\t\t<\/div>\n\t\t<\/section>\n\t\t\t\t\t<\/div>\n\t\t<\/div>\n\t\t\t\t\t\t\t<\/div>\n\t\t<\/section>\n\t\t\t\t\t\t<\/div>\n\t\t\t\t\t<\/div>","protected":false},"excerpt":{"rendered":"<p>Wir haben Ihre Anfrage erhalten und werden uns innerhalb eines Werktages mit Ihnen in Verbindung setzen. Wir hoffen, dass unser professionelles Team einen Fachmann wie Sie mit dem gr\u00f6\u00dften Gl\u00fcck treffen kann und Ihnen auch eine au\u00dfergew\u00f6hnliche Erfahrung mitbringt.<\/p>","protected":false},"author":1,"featured_media":0,"parent":0,"menu_order":0,"comment_status":"closed","ping_status":"closed","template":"elementor_canvas","meta":{"_seopress_robots_primary_cat":"","_monsterinsights_skip_tracking":false,"_monsterinsights_sitenote_active":false,"_monsterinsights_sitenote_note":"","_monsterinsights_sitenote_category":0,"footnotes":""},"class_list":["post-4058","page","type-page","status-publish","hentry"],"_links":{"self":[{"href":"https:\/\/zetarmoulding.com\/de\/wp-json\/wp\/v2\/pages\/4058","targetHints":{"allow":["GET"]}}],"collection":[{"href":"https:\/\/zetarmoulding.com\/de\/wp-json\/wp\/v2\/pages"}],"about":[{"href":"https:\/\/zetarmoulding.com\/de\/wp-json\/wp\/v2\/types\/page"}],"author":[{"embeddable":true,"href":"https:\/\/zetarmoulding.com\/de\/wp-json\/wp\/v2\/users\/1"}],"replies":[{"embeddable":true,"href":"https:\/\/zetarmoulding.com\/de\/wp-json\/wp\/v2\/comments?post=4058"}],"version-history":[{"count":41,"href":"https:\/\/zetarmoulding.com\/de\/wp-json\/wp\/v2\/pages\/4058\/revisions"}],"predecessor-version":[{"id":4131,"href":"https:\/\/zetarmoulding.com\/de\/wp-json\/wp\/v2\/pages\/4058\/revisions\/4131"}],"wp:attachment":[{"href":"https:\/\/zetarmoulding.com\/de\/wp-json\/wp\/v2\/media?parent=4058"}],"curies":[{"name":"wp","href":"https:\/\/api.w.org\/{rel}","templated":true}]}}