{"id":1461,"date":"2022-07-13T05:31:02","date_gmt":"2022-07-13T13:31:02","guid":{"rendered":"https:\/\/zetarmoulding.com\/?post_type=product&#038;p=1461"},"modified":"2022-07-13T05:31:02","modified_gmt":"2022-07-13T13:31:02","slug":"silcione-rubber-overmolding-handle","status":"publish","type":"product","link":"https:\/\/zetarmoulding.com\/es\/product\/asa-sobremoldeada-de-caucho-silcione\/","title":{"rendered":"Asa con sobremoldeado de caucho Silcione"},"content":{"rendered":"","protected":false},"excerpt":{"rendered":"<pre>Nombre del producto: Mango sobremoldeado de goma Silcione\r\nMaterial del producto: Silicona FDA\r\nColor: Puede ser modificado para requisitos particulares seg\u00fan lo requerido\r\nDureza: Se puede personalizar seg\u00fan se requiera\r\nTama\u00f1o: Puede personalizarse seg\u00fan se requiera\r\nEmbalaje: Se puede personalizar seg\u00fan las necesidades\r\nTransporte: Expr\u00e9s, a\u00e9reo, mar\u00edtimo<\/pre>","protected":false},"featured_media":1464,"comment_status":"open","ping_status":"closed","template":"","meta":{"_seopress_robots_primary_cat":"","_monsterinsights_skip_tracking":false,"_monsterinsights_sitenote_active":false,"_monsterinsights_sitenote_note":"","_monsterinsights_sitenote_category":0},"class_list":["post-1461","product","type-product","status-publish","has-post-thumbnail","hentry","product_cat-silicone-rubber-overmolding"],"_links":{"self":[{"href":"https:\/\/zetarmoulding.com\/es\/wp-json\/wp\/v2\/product\/1461","targetHints":{"allow":["GET"]}}],"collection":[{"href":"https:\/\/zetarmoulding.com\/es\/wp-json\/wp\/v2\/product"}],"about":[{"href":"https:\/\/zetarmoulding.com\/es\/wp-json\/wp\/v2\/types\/product"}],"replies":[{"embeddable":true,"href":"https:\/\/zetarmoulding.com\/es\/wp-json\/wp\/v2\/comments?post=1461"}],"wp:featuredmedia":[{"embeddable":true,"href":"https:\/\/zetarmoulding.com\/es\/wp-json\/wp\/v2\/media\/1464"}],"wp:attachment":[{"href":"https:\/\/zetarmoulding.com\/es\/wp-json\/wp\/v2\/media?parent=1461"}],"curies":[{"name":"wp","href":"https:\/\/api.w.org\/{rel}","templated":true}]}}