{"id":1649,"date":"2022-07-18T00:48:07","date_gmt":"2022-07-18T08:48:07","guid":{"rendered":"https:\/\/zetarmoulding.com\/?post_type=product&#038;p=1649"},"modified":"2022-07-18T22:36:35","modified_gmt":"2022-07-19T06:36:35","slug":"silicone-rubber-diy-candy-chocolate-mold","status":"publish","type":"product","link":"https:\/\/zetarmoulding.com\/es\/product\/molde-de-silicona-para-caramelos-y-chocolate\/","title":{"rendered":"Caucho de silicona DIY molde de chocolate de caramelo"},"content":{"rendered":"","protected":false},"excerpt":{"rendered":"<pre>Nombre del producto: Caucho de silicona DIY molde de chocolate de caramelo\r\nMaterial del producto: FDA Silicona\r\nColor: Se puede personalizar seg\u00fan sea necesario\r\nDureza: Se puede personalizar seg\u00fan sea necesario\r\nTalla: Puede personalizarse seg\u00fan se requiera\r\nEmbalaje: Se puede personalizar seg\u00fan las necesidades\r\nTransporte: Expr\u00e9s, a\u00e9reo, mar\u00edtimo<\/pre>\n<p>&nbsp;<\/p>","protected":false},"featured_media":1652,"comment_status":"open","ping_status":"closed","template":"","meta":{"_seopress_robots_primary_cat":"none","_monsterinsights_skip_tracking":false,"_monsterinsights_sitenote_active":false,"_monsterinsights_sitenote_note":"","_monsterinsights_sitenote_category":0},"class_list":["post-1649","product","type-product","status-publish","has-post-thumbnail","hentry","product_cat-silicone-rubber-mold"],"_links":{"self":[{"href":"https:\/\/zetarmoulding.com\/es\/wp-json\/wp\/v2\/product\/1649","targetHints":{"allow":["GET"]}}],"collection":[{"href":"https:\/\/zetarmoulding.com\/es\/wp-json\/wp\/v2\/product"}],"about":[{"href":"https:\/\/zetarmoulding.com\/es\/wp-json\/wp\/v2\/types\/product"}],"replies":[{"embeddable":true,"href":"https:\/\/zetarmoulding.com\/es\/wp-json\/wp\/v2\/comments?post=1649"}],"wp:featuredmedia":[{"embeddable":true,"href":"https:\/\/zetarmoulding.com\/es\/wp-json\/wp\/v2\/media\/1652"}],"wp:attachment":[{"href":"https:\/\/zetarmoulding.com\/es\/wp-json\/wp\/v2\/media?parent=1649"}],"curies":[{"name":"wp","href":"https:\/\/api.w.org\/{rel}","templated":true}]}}