{"id":1929,"date":"2022-07-21T22:19:33","date_gmt":"2022-07-22T06:19:33","guid":{"rendered":"https:\/\/zetarmoulding.com\/?post_type=product&#038;p=1929"},"modified":"2022-07-21T22:19:33","modified_gmt":"2022-07-22T06:19:33","slug":"silicone-rubber-mask-bowl","status":"publish","type":"product","link":"https:\/\/zetarmoulding.com\/es\/product\/mascara-de-caucho-de-silicona-bol\/","title":{"rendered":"Bol de silicona para mascarilla"},"content":{"rendered":"","protected":false},"excerpt":{"rendered":"<pre>Nombre del producto: Taz\u00f3n de m\u00e1scara de caucho de silicona\r\nMaterial del producto: FDA Silicona\r\nColor: Se puede personalizar seg\u00fan sus necesidades\r\nDureza: Se puede personalizar seg\u00fan se requiera\r\nTalla: Puede personalizarse seg\u00fan se requiera\r\nEmbalaje: Se puede personalizar seg\u00fan las necesidades\r\nTransporte: Expr\u00e9s, a\u00e9reo, mar\u00edtimo<\/pre>","protected":false},"featured_media":1931,"comment_status":"open","ping_status":"closed","template":"","meta":{"_seopress_robots_primary_cat":"","_monsterinsights_skip_tracking":false,"_monsterinsights_sitenote_active":false,"_monsterinsights_sitenote_note":"","_monsterinsights_sitenote_category":0},"class_list":["post-1929","product","type-product","status-publish","has-post-thumbnail","hentry","product_cat-silicone-rubber-molding"],"_links":{"self":[{"href":"https:\/\/zetarmoulding.com\/es\/wp-json\/wp\/v2\/product\/1929","targetHints":{"allow":["GET"]}}],"collection":[{"href":"https:\/\/zetarmoulding.com\/es\/wp-json\/wp\/v2\/product"}],"about":[{"href":"https:\/\/zetarmoulding.com\/es\/wp-json\/wp\/v2\/types\/product"}],"replies":[{"embeddable":true,"href":"https:\/\/zetarmoulding.com\/es\/wp-json\/wp\/v2\/comments?post=1929"}],"wp:featuredmedia":[{"embeddable":true,"href":"https:\/\/zetarmoulding.com\/es\/wp-json\/wp\/v2\/media\/1931"}],"wp:attachment":[{"href":"https:\/\/zetarmoulding.com\/es\/wp-json\/wp\/v2\/media?parent=1929"}],"curies":[{"name":"wp","href":"https:\/\/api.w.org\/{rel}","templated":true}]}}