{"id":2155,"date":"2022-07-26T22:27:17","date_gmt":"2022-07-27T06:27:17","guid":{"rendered":"https:\/\/zetarmoulding.com\/?post_type=product&#038;p=2155"},"modified":"2022-07-26T22:27:17","modified_gmt":"2022-07-27T06:27:17","slug":"silicone-rubber-heat-insulation-pad","status":"publish","type":"product","link":"https:\/\/zetarmoulding.com\/es\/product\/almohadilla-aislante-termica-de-caucho-de-silicona\/","title":{"rendered":"Almohadilla aislante de silicona"},"content":{"rendered":"","protected":false},"excerpt":{"rendered":"<pre>Nombre del producto: Almohadilla aislante de silicona\r\nMaterial del producto: Silicona FDA\r\nColor: Puede ser modificado para requisitos particulares seg\u00fan lo requerido\r\nDureza: Se puede personalizar seg\u00fan se requiera\r\nTalla: Puede personalizarse seg\u00fan se requiera\r\nEmbalaje: Se puede personalizar seg\u00fan las necesidades\r\nTransporte: Expr\u00e9s, a\u00e9reo, mar\u00edtimo<\/pre>","protected":false},"featured_media":2157,"comment_status":"open","ping_status":"closed","template":"","meta":{"_seopress_robots_primary_cat":"","_monsterinsights_skip_tracking":false,"_monsterinsights_sitenote_active":false,"_monsterinsights_sitenote_note":"","_monsterinsights_sitenote_category":0},"class_list":["post-2155","product","type-product","status-publish","has-post-thumbnail","hentry","product_cat-silicone-rubber-molding"],"_links":{"self":[{"href":"https:\/\/zetarmoulding.com\/es\/wp-json\/wp\/v2\/product\/2155","targetHints":{"allow":["GET"]}}],"collection":[{"href":"https:\/\/zetarmoulding.com\/es\/wp-json\/wp\/v2\/product"}],"about":[{"href":"https:\/\/zetarmoulding.com\/es\/wp-json\/wp\/v2\/types\/product"}],"replies":[{"embeddable":true,"href":"https:\/\/zetarmoulding.com\/es\/wp-json\/wp\/v2\/comments?post=2155"}],"wp:featuredmedia":[{"embeddable":true,"href":"https:\/\/zetarmoulding.com\/es\/wp-json\/wp\/v2\/media\/2157"}],"wp:attachment":[{"href":"https:\/\/zetarmoulding.com\/es\/wp-json\/wp\/v2\/media?parent=2155"}],"curies":[{"name":"wp","href":"https:\/\/api.w.org\/{rel}","templated":true}]}}