{"id":2187,"date":"2022-07-27T20:15:55","date_gmt":"2022-07-28T04:15:55","guid":{"rendered":"https:\/\/zetarmoulding.com\/?post_type=product&#038;p=2187"},"modified":"2022-07-27T20:29:07","modified_gmt":"2022-07-28T04:29:07","slug":"silicone-rubber-covered-parts","status":"publish","type":"product","link":"https:\/\/zetarmoulding.com\/es\/product\/piezas-recubiertas-de-caucho-de-silicona\/","title":{"rendered":"Piezas recubiertas de caucho de silicona"},"content":{"rendered":"","protected":false},"excerpt":{"rendered":"<pre>Nombre del producto: Piezas recubiertas de caucho de silicona\r\nMaterial del producto: Silicona FDA\r\nColor: Se puede personalizar seg\u00fan sus necesidades\r\nDureza: Se puede personalizar seg\u00fan se requiera\r\nTama\u00f1o: Puede personalizarse seg\u00fan se requiera\r\nEmbalaje: Se puede personalizar seg\u00fan las necesidades\r\nTransporte: Expr\u00e9s, a\u00e9reo, mar\u00edtimo<\/pre>","protected":false},"featured_media":2190,"comment_status":"open","ping_status":"closed","template":"","meta":{"_seopress_robots_primary_cat":"none","_monsterinsights_skip_tracking":false,"_monsterinsights_sitenote_active":false,"_monsterinsights_sitenote_note":"","_monsterinsights_sitenote_category":0},"class_list":["post-2187","product","type-product","status-publish","has-post-thumbnail","hentry","product_cat-silicone-rubber-overmolding"],"_links":{"self":[{"href":"https:\/\/zetarmoulding.com\/es\/wp-json\/wp\/v2\/product\/2187","targetHints":{"allow":["GET"]}}],"collection":[{"href":"https:\/\/zetarmoulding.com\/es\/wp-json\/wp\/v2\/product"}],"about":[{"href":"https:\/\/zetarmoulding.com\/es\/wp-json\/wp\/v2\/types\/product"}],"replies":[{"embeddable":true,"href":"https:\/\/zetarmoulding.com\/es\/wp-json\/wp\/v2\/comments?post=2187"}],"wp:featuredmedia":[{"embeddable":true,"href":"https:\/\/zetarmoulding.com\/es\/wp-json\/wp\/v2\/media\/2190"}],"wp:attachment":[{"href":"https:\/\/zetarmoulding.com\/es\/wp-json\/wp\/v2\/media?parent=2187"}],"curies":[{"name":"wp","href":"https:\/\/api.w.org\/{rel}","templated":true}]}}