{"id":2517,"date":"2022-08-03T00:17:03","date_gmt":"2022-08-03T08:17:03","guid":{"rendered":"https:\/\/zetarmoulding.com\/?post_type=product&#038;p=2517"},"modified":"2022-08-03T00:17:03","modified_gmt":"2022-08-03T08:17:03","slug":"silicone-collapsible-coffee-water-cup","status":"publish","type":"product","link":"https:\/\/zetarmoulding.com\/es\/product\/vaso-plegable-de-silicona-para-cafe-y-agua\/","title":{"rendered":"Taza plegable de silicona para caf\u00e9 y agua"},"content":{"rendered":"","protected":false},"excerpt":{"rendered":"<pre>Nombre del producto: Taza de agua de caf\u00e9 plegable de silicona\r\nMaterial del producto: Silicona FDA\r\nColor: Se puede personalizar seg\u00fan sea necesario\r\nDureza: Se puede personalizar seg\u00fan sea necesario\r\nTama\u00f1o: Puede personalizarse seg\u00fan se requiera\r\nEmbalaje: Se puede personalizar seg\u00fan las necesidades\r\nTransporte: Expr\u00e9s, a\u00e9reo, mar\u00edtimo<\/pre>","protected":false},"featured_media":2521,"comment_status":"open","ping_status":"closed","template":"","meta":{"_seopress_robots_primary_cat":"","_monsterinsights_skip_tracking":false,"_monsterinsights_sitenote_active":false,"_monsterinsights_sitenote_note":"","_monsterinsights_sitenote_category":0},"class_list":["post-2517","product","type-product","status-publish","has-post-thumbnail","hentry","product_cat-silicone-rubber-molding"],"_links":{"self":[{"href":"https:\/\/zetarmoulding.com\/es\/wp-json\/wp\/v2\/product\/2517","targetHints":{"allow":["GET"]}}],"collection":[{"href":"https:\/\/zetarmoulding.com\/es\/wp-json\/wp\/v2\/product"}],"about":[{"href":"https:\/\/zetarmoulding.com\/es\/wp-json\/wp\/v2\/types\/product"}],"replies":[{"embeddable":true,"href":"https:\/\/zetarmoulding.com\/es\/wp-json\/wp\/v2\/comments?post=2517"}],"wp:featuredmedia":[{"embeddable":true,"href":"https:\/\/zetarmoulding.com\/es\/wp-json\/wp\/v2\/media\/2521"}],"wp:attachment":[{"href":"https:\/\/zetarmoulding.com\/es\/wp-json\/wp\/v2\/media?parent=2517"}],"curies":[{"name":"wp","href":"https:\/\/api.w.org\/{rel}","templated":true}]}}