{"id":2577,"date":"2022-08-03T22:49:14","date_gmt":"2022-08-04T06:49:14","guid":{"rendered":"https:\/\/zetarmoulding.com\/?post_type=product&#038;p=2577"},"modified":"2022-08-04T00:42:41","modified_gmt":"2022-08-04T08:42:41","slug":"silicone-rubber-brush","status":"publish","type":"product","link":"https:\/\/zetarmoulding.com\/es\/product\/cepillo-de-caucho-de-silicona\/","title":{"rendered":"Cepillo de goma de silicona"},"content":{"rendered":"","protected":false},"excerpt":{"rendered":"<pre>Nombre del producto: Cepillo de goma de silicona\r\nMaterial del producto: Silicona FDA\r\nColor: Se puede personalizar seg\u00fan sus necesidades\r\nDureza: Se puede personalizar seg\u00fan se requiera\r\nTalla: Puede personalizarse seg\u00fan se requiera\r\nEmbalaje: Se puede personalizar seg\u00fan las necesidades\r\nTransporte: Expr\u00e9s, a\u00e9reo, mar\u00edtimo<\/pre>","protected":false},"featured_media":2580,"comment_status":"open","ping_status":"closed","template":"","meta":{"_seopress_robots_primary_cat":"none","_monsterinsights_skip_tracking":false,"_monsterinsights_sitenote_active":false,"_monsterinsights_sitenote_note":"","_monsterinsights_sitenote_category":0},"class_list":["post-2577","product","type-product","status-publish","has-post-thumbnail","hentry","product_cat-silicone-rubber-molding"],"_links":{"self":[{"href":"https:\/\/zetarmoulding.com\/es\/wp-json\/wp\/v2\/product\/2577","targetHints":{"allow":["GET"]}}],"collection":[{"href":"https:\/\/zetarmoulding.com\/es\/wp-json\/wp\/v2\/product"}],"about":[{"href":"https:\/\/zetarmoulding.com\/es\/wp-json\/wp\/v2\/types\/product"}],"replies":[{"embeddable":true,"href":"https:\/\/zetarmoulding.com\/es\/wp-json\/wp\/v2\/comments?post=2577"}],"wp:featuredmedia":[{"embeddable":true,"href":"https:\/\/zetarmoulding.com\/es\/wp-json\/wp\/v2\/media\/2580"}],"wp:attachment":[{"href":"https:\/\/zetarmoulding.com\/es\/wp-json\/wp\/v2\/media?parent=2577"}],"curies":[{"name":"wp","href":"https:\/\/api.w.org\/{rel}","templated":true}]}}