{"id":2586,"date":"2022-08-04T00:48:41","date_gmt":"2022-08-04T08:48:41","guid":{"rendered":"https:\/\/zetarmoulding.com\/?post_type=product&#038;p=2586"},"modified":"2022-08-04T00:50:23","modified_gmt":"2022-08-04T08:50:23","slug":"silicone-rubber-hair-washing-brush","status":"publish","type":"product","link":"https:\/\/zetarmoulding.com\/es\/product\/cepillo-de-silicona-para-lavar-el-pelo\/","title":{"rendered":"Cepillo de silicona para lavar el pelo"},"content":{"rendered":"","protected":false},"excerpt":{"rendered":"<pre>Nombre del producto: Cepillo de silicona para lavar el pelo\r\nMaterial del producto: Silicona FDA\r\nColor: Puede ser modificado para requisitos particulares seg\u00fan lo requerido\r\nDureza: Se puede personalizar seg\u00fan sea necesario\r\nTama\u00f1o: Puede personalizarse seg\u00fan se requiera\r\nEmbalaje: Se puede personalizar seg\u00fan las necesidades\r\nTransporte: Expr\u00e9s, a\u00e9reo, mar\u00edtimo<\/pre>","protected":false},"featured_media":2589,"comment_status":"open","ping_status":"closed","template":"","meta":{"_seopress_robots_primary_cat":"none","_monsterinsights_skip_tracking":false,"_monsterinsights_sitenote_active":false,"_monsterinsights_sitenote_note":"","_monsterinsights_sitenote_category":0},"class_list":["post-2586","product","type-product","status-publish","has-post-thumbnail","hentry","product_cat-silicone-rubber-molding"],"_links":{"self":[{"href":"https:\/\/zetarmoulding.com\/es\/wp-json\/wp\/v2\/product\/2586","targetHints":{"allow":["GET"]}}],"collection":[{"href":"https:\/\/zetarmoulding.com\/es\/wp-json\/wp\/v2\/product"}],"about":[{"href":"https:\/\/zetarmoulding.com\/es\/wp-json\/wp\/v2\/types\/product"}],"replies":[{"embeddable":true,"href":"https:\/\/zetarmoulding.com\/es\/wp-json\/wp\/v2\/comments?post=2586"}],"wp:featuredmedia":[{"embeddable":true,"href":"https:\/\/zetarmoulding.com\/es\/wp-json\/wp\/v2\/media\/2589"}],"wp:attachment":[{"href":"https:\/\/zetarmoulding.com\/es\/wp-json\/wp\/v2\/media?parent=2586"}],"curies":[{"name":"wp","href":"https:\/\/api.w.org\/{rel}","templated":true}]}}