{"id":3030,"date":"2022-08-07T20:26:05","date_gmt":"2022-08-08T04:26:05","guid":{"rendered":"https:\/\/zetarmoulding.com\/?post_type=product&#038;p=3030"},"modified":"2022-08-07T20:26:46","modified_gmt":"2022-08-08T04:26:46","slug":"silicone-spatula-2","status":"publish","type":"product","link":"https:\/\/zetarmoulding.com\/es\/product\/espatula-de-silicona-2\/","title":{"rendered":"Esp\u00e1tula de silicona"},"content":{"rendered":"","protected":false},"excerpt":{"rendered":"<pre>Nombre del producto: Esp\u00e1tula de silicona\r\nMaterial del producto: Silicona FDA\r\nColor: Se puede personalizar seg\u00fan sus necesidades\r\nDureza: Se puede personalizar seg\u00fan se requiera\r\nTama\u00f1o: Puede personalizarse seg\u00fan se requiera\r\nEmbalaje: Se puede personalizar seg\u00fan las necesidades\r\nTransporte: Expr\u00e9s, a\u00e9reo, mar\u00edtimo<\/pre>","protected":false},"featured_media":3034,"comment_status":"open","ping_status":"closed","template":"","meta":{"_seopress_robots_primary_cat":"none","_monsterinsights_skip_tracking":false,"_monsterinsights_sitenote_active":false,"_monsterinsights_sitenote_note":"","_monsterinsights_sitenote_category":0},"class_list":["post-3030","product","type-product","status-publish","has-post-thumbnail","hentry","product_cat-silicone-rubber-molding"],"_links":{"self":[{"href":"https:\/\/zetarmoulding.com\/es\/wp-json\/wp\/v2\/product\/3030","targetHints":{"allow":["GET"]}}],"collection":[{"href":"https:\/\/zetarmoulding.com\/es\/wp-json\/wp\/v2\/product"}],"about":[{"href":"https:\/\/zetarmoulding.com\/es\/wp-json\/wp\/v2\/types\/product"}],"replies":[{"embeddable":true,"href":"https:\/\/zetarmoulding.com\/es\/wp-json\/wp\/v2\/comments?post=3030"}],"wp:featuredmedia":[{"embeddable":true,"href":"https:\/\/zetarmoulding.com\/es\/wp-json\/wp\/v2\/media\/3034"}],"wp:attachment":[{"href":"https:\/\/zetarmoulding.com\/es\/wp-json\/wp\/v2\/media?parent=3030"}],"curies":[{"name":"wp","href":"https:\/\/api.w.org\/{rel}","templated":true}]}}