{"id":3876,"date":"2022-08-14T23:15:09","date_gmt":"2022-08-15T07:15:09","guid":{"rendered":"https:\/\/zetarmoulding.com\/?post_type=product&#038;p=3876"},"modified":"2022-08-14T23:15:09","modified_gmt":"2022-08-15T07:15:09","slug":"silicone-toys","status":"publish","type":"product","link":"https:\/\/zetarmoulding.com\/es\/product\/juguetes-de-silicona\/","title":{"rendered":"Juguetes de silicona"},"content":{"rendered":"","protected":false},"excerpt":{"rendered":"<pre>Nombre del producto: Juguetes de silicona\r\nMaterial del producto: Silicona FDA\r\nColor: Se puede personalizar seg\u00fan sus necesidades\r\nDureza: Se puede personalizar seg\u00fan se requiera\r\nTalla: Puede personalizarse seg\u00fan se requiera\r\nEmbalaje: Se puede personalizar seg\u00fan las necesidades\r\nTransporte: Expr\u00e9s, a\u00e9reo, mar\u00edtimo<\/pre>","protected":false},"featured_media":3878,"comment_status":"open","ping_status":"closed","template":"","meta":{"_seopress_robots_primary_cat":"","_monsterinsights_skip_tracking":false,"_monsterinsights_sitenote_active":false,"_monsterinsights_sitenote_note":"","_monsterinsights_sitenote_category":0},"class_list":["post-3876","product","type-product","status-publish","has-post-thumbnail","hentry","product_cat-silicone-rubber-molding"],"_links":{"self":[{"href":"https:\/\/zetarmoulding.com\/es\/wp-json\/wp\/v2\/product\/3876","targetHints":{"allow":["GET"]}}],"collection":[{"href":"https:\/\/zetarmoulding.com\/es\/wp-json\/wp\/v2\/product"}],"about":[{"href":"https:\/\/zetarmoulding.com\/es\/wp-json\/wp\/v2\/types\/product"}],"replies":[{"embeddable":true,"href":"https:\/\/zetarmoulding.com\/es\/wp-json\/wp\/v2\/comments?post=3876"}],"wp:featuredmedia":[{"embeddable":true,"href":"https:\/\/zetarmoulding.com\/es\/wp-json\/wp\/v2\/media\/3878"}],"wp:attachment":[{"href":"https:\/\/zetarmoulding.com\/es\/wp-json\/wp\/v2\/media?parent=3876"}],"curies":[{"name":"wp","href":"https:\/\/api.w.org\/{rel}","templated":true}]}}