{"id":5196,"date":"2022-10-07T18:52:54","date_gmt":"2022-10-08T02:52:54","guid":{"rendered":"https:\/\/zetarmoulding.com\/?post_type=product&#038;p=5196"},"modified":"2022-10-07T18:52:54","modified_gmt":"2022-10-08T02:52:54","slug":"silicone-candle-mold-14","status":"publish","type":"product","link":"https:\/\/zetarmoulding.com\/es\/product\/molde-de-silicona-para-velas-14\/","title":{"rendered":"Molde de silicona para velas"},"content":{"rendered":"","protected":false},"excerpt":{"rendered":"<p>Nombre del producto: Molde de silicona para velas<br \/>\nMaterial del producto: Silicona FDA<br \/>\nColor: Se puede personalizar seg\u00fan las necesidades<br \/>\nDureza: Se puede personalizar seg\u00fan las necesidades<br \/>\nTama\u00f1o: Se puede personalizar seg\u00fan las necesidades<br \/>\nEmbalaje: Se puede personalizar seg\u00fan las necesidades<br \/>\nTransportes: Expr\u00e9s, a\u00e9reo, mar\u00edtimo<\/p>","protected":false},"featured_media":5199,"comment_status":"open","ping_status":"closed","template":"","meta":{"_seopress_robots_primary_cat":"","_monsterinsights_skip_tracking":false,"_monsterinsights_sitenote_active":false,"_monsterinsights_sitenote_note":"","_monsterinsights_sitenote_category":0},"class_list":["post-5196","product","type-product","status-publish","has-post-thumbnail","hentry","product_cat-silicone-canddle-mold"],"_links":{"self":[{"href":"https:\/\/zetarmoulding.com\/es\/wp-json\/wp\/v2\/product\/5196","targetHints":{"allow":["GET"]}}],"collection":[{"href":"https:\/\/zetarmoulding.com\/es\/wp-json\/wp\/v2\/product"}],"about":[{"href":"https:\/\/zetarmoulding.com\/es\/wp-json\/wp\/v2\/types\/product"}],"replies":[{"embeddable":true,"href":"https:\/\/zetarmoulding.com\/es\/wp-json\/wp\/v2\/comments?post=5196"}],"wp:featuredmedia":[{"embeddable":true,"href":"https:\/\/zetarmoulding.com\/es\/wp-json\/wp\/v2\/media\/5199"}],"wp:attachment":[{"href":"https:\/\/zetarmoulding.com\/es\/wp-json\/wp\/v2\/media?parent=5196"}],"curies":[{"name":"wp","href":"https:\/\/api.w.org\/{rel}","templated":true}]}}