{"id":1234,"date":"2022-07-11T00:50:40","date_gmt":"2022-07-11T08:50:40","guid":{"rendered":"https:\/\/zetarmoulding.com\/?post_type=product&#038;p=1234"},"modified":"2022-07-12T01:15:09","modified_gmt":"2022-07-12T09:15:09","slug":"lsr-injection-molding-breast-pump","status":"publish","type":"product","link":"https:\/\/zetarmoulding.com\/fr\/product\/tire-lait-a-injection-lsr\/","title":{"rendered":"Tire-lait en LSR moul\u00e9 par injection"},"content":{"rendered":"","protected":false},"excerpt":{"rendered":"<pre>Nom du produit : Tire-lait en silicone\r\nMat\u00e9riau du produit : Silicone FDA\r\nCouleur : peut \u00eatre personnalis\u00e9e selon les besoins\r\nDuret\u00e9 : Peut \u00eatre personnalis\u00e9 selon les besoins\r\nTaille : Peut \u00eatre personnalis\u00e9 selon les besoins\r\nEmballage : Peut \u00eatre personnalis\u00e9 selon les besoins\r\nTransport : Express, exp\u00e9dition par voie a\u00e9rienne, exp\u00e9dition par voie maritime<\/pre>","protected":false},"featured_media":1270,"comment_status":"open","ping_status":"closed","template":"","meta":{"_seopress_robots_primary_cat":"","_monsterinsights_skip_tracking":false,"_monsterinsights_sitenote_active":false,"_monsterinsights_sitenote_note":"","_monsterinsights_sitenote_category":0},"class_list":["post-1234","product","type-product","status-publish","has-post-thumbnail","hentry","product_cat-lsr-injection-molding"],"_links":{"self":[{"href":"https:\/\/zetarmoulding.com\/fr\/wp-json\/wp\/v2\/product\/1234","targetHints":{"allow":["GET"]}}],"collection":[{"href":"https:\/\/zetarmoulding.com\/fr\/wp-json\/wp\/v2\/product"}],"about":[{"href":"https:\/\/zetarmoulding.com\/fr\/wp-json\/wp\/v2\/types\/product"}],"replies":[{"embeddable":true,"href":"https:\/\/zetarmoulding.com\/fr\/wp-json\/wp\/v2\/comments?post=1234"}],"wp:featuredmedia":[{"embeddable":true,"href":"https:\/\/zetarmoulding.com\/fr\/wp-json\/wp\/v2\/media\/1270"}],"wp:attachment":[{"href":"https:\/\/zetarmoulding.com\/fr\/wp-json\/wp\/v2\/media?parent=1234"}],"curies":[{"name":"wp","href":"https:\/\/api.w.org\/{rel}","templated":true}]}}