{"id":1656,"date":"2022-07-18T01:15:37","date_gmt":"2022-07-18T09:15:37","guid":{"rendered":"https:\/\/zetarmoulding.com\/?post_type=product&#038;p=1656"},"modified":"2022-07-18T02:00:08","modified_gmt":"2022-07-18T10:00:08","slug":"lsr-injection-molding-silicone-nipples","status":"publish","type":"product","link":"https:\/\/zetarmoulding.com\/fr\/product\/tetines-en-silicone-moulees-par-injection-lsr\/","title":{"rendered":"LSR T\u00e9tines en silicone moul\u00e9es par injection"},"content":{"rendered":"","protected":false},"excerpt":{"rendered":"<pre>Nom du produit : T\u00e9tines en silicone LSR moul\u00e9es par injection\r\nMat\u00e9riau du produit : Silicone FDA\r\nCouleur : peut \u00eatre personnalis\u00e9e selon les besoins\r\nDuret\u00e9 : Personnalisable selon les besoins\r\nTaille : Peut \u00eatre personnalis\u00e9 selon les besoins\r\nEmballage : Peut \u00eatre personnalis\u00e9 selon les besoins\r\nTransport : Express, transport a\u00e9rien, transport maritime<\/pre>","protected":false},"featured_media":1658,"comment_status":"open","ping_status":"closed","template":"","meta":{"_seopress_robots_primary_cat":"none","_monsterinsights_skip_tracking":false,"_monsterinsights_sitenote_active":false,"_monsterinsights_sitenote_note":"","_monsterinsights_sitenote_category":0},"class_list":["post-1656","product","type-product","status-publish","has-post-thumbnail","hentry","product_cat-lsr-injection-molding"],"_links":{"self":[{"href":"https:\/\/zetarmoulding.com\/fr\/wp-json\/wp\/v2\/product\/1656","targetHints":{"allow":["GET"]}}],"collection":[{"href":"https:\/\/zetarmoulding.com\/fr\/wp-json\/wp\/v2\/product"}],"about":[{"href":"https:\/\/zetarmoulding.com\/fr\/wp-json\/wp\/v2\/types\/product"}],"replies":[{"embeddable":true,"href":"https:\/\/zetarmoulding.com\/fr\/wp-json\/wp\/v2\/comments?post=1656"}],"wp:featuredmedia":[{"embeddable":true,"href":"https:\/\/zetarmoulding.com\/fr\/wp-json\/wp\/v2\/media\/1658"}],"wp:attachment":[{"href":"https:\/\/zetarmoulding.com\/fr\/wp-json\/wp\/v2\/media?parent=1656"}],"curies":[{"name":"wp","href":"https:\/\/api.w.org\/{rel}","templated":true}]}}