{"id":1888,"date":"2022-07-21T00:06:14","date_gmt":"2022-07-21T08:06:14","guid":{"rendered":"https:\/\/zetarmoulding.com\/?post_type=product&#038;p=1888"},"modified":"2022-07-21T00:10:50","modified_gmt":"2022-07-21T08:10:50","slug":"silicone-dessert-mold","status":"publish","type":"product","link":"https:\/\/zetarmoulding.com\/fr\/product\/moule-a-dessert-en-silicone\/","title":{"rendered":"Moule \u00e0 dessert en silicone"},"content":{"rendered":"","protected":false},"excerpt":{"rendered":"<pre>Nom du produit : Moule \u00e0 dessert en silicone\r\nMat\u00e9riau du produit : Silicone FDA\r\nCouleur : peut \u00eatre personnalis\u00e9e selon les besoins\r\nDuret\u00e9 : Peut \u00eatre personnalis\u00e9 selon les besoins\r\nTaille : Peut \u00eatre personnalis\u00e9 selon les besoins\r\nEmballage : Peut \u00eatre personnalis\u00e9 selon les besoins\r\nTransport : Express, transport a\u00e9rien, transport maritime<\/pre>","protected":false},"featured_media":1893,"comment_status":"open","ping_status":"closed","template":"","meta":{"_seopress_robots_primary_cat":"none","_monsterinsights_skip_tracking":false,"_monsterinsights_sitenote_active":false,"_monsterinsights_sitenote_note":"","_monsterinsights_sitenote_category":0},"class_list":["post-1888","product","type-product","status-publish","has-post-thumbnail","hentry","product_cat-silicone-rubber-mold"],"_links":{"self":[{"href":"https:\/\/zetarmoulding.com\/fr\/wp-json\/wp\/v2\/product\/1888","targetHints":{"allow":["GET"]}}],"collection":[{"href":"https:\/\/zetarmoulding.com\/fr\/wp-json\/wp\/v2\/product"}],"about":[{"href":"https:\/\/zetarmoulding.com\/fr\/wp-json\/wp\/v2\/types\/product"}],"replies":[{"embeddable":true,"href":"https:\/\/zetarmoulding.com\/fr\/wp-json\/wp\/v2\/comments?post=1888"}],"wp:featuredmedia":[{"embeddable":true,"href":"https:\/\/zetarmoulding.com\/fr\/wp-json\/wp\/v2\/media\/1893"}],"wp:attachment":[{"href":"https:\/\/zetarmoulding.com\/fr\/wp-json\/wp\/v2\/media?parent=1888"}],"curies":[{"name":"wp","href":"https:\/\/api.w.org\/{rel}","templated":true}]}}