{"id":1929,"date":"2022-07-21T22:19:33","date_gmt":"2022-07-22T06:19:33","guid":{"rendered":"https:\/\/zetarmoulding.com\/?post_type=product&#038;p=1929"},"modified":"2022-07-21T22:19:33","modified_gmt":"2022-07-22T06:19:33","slug":"silicone-rubber-mask-bowl","status":"publish","type":"product","link":"https:\/\/zetarmoulding.com\/fr\/product\/masque-en-silicone-bol\/","title":{"rendered":"Bol \u00e0 masque en caoutchouc de silicone"},"content":{"rendered":"","protected":false},"excerpt":{"rendered":"<pre>Nom du produit : Bol pour masque en caoutchouc de silicone\r\nMat\u00e9riau du produit : Silicone FDA\r\nCouleur : peut \u00eatre personnalis\u00e9e selon les besoins\r\nDuret\u00e9 : Personnalisable selon les besoins\r\nTaille : Peut \u00eatre personnalis\u00e9 selon les besoins\r\nEmballage : Peut \u00eatre personnalis\u00e9 selon les besoins\r\nTransport : Express, exp\u00e9dition par voie a\u00e9rienne, exp\u00e9dition par voie maritime<\/pre>","protected":false},"featured_media":1931,"comment_status":"open","ping_status":"closed","template":"","meta":{"_seopress_robots_primary_cat":"","_monsterinsights_skip_tracking":false,"_monsterinsights_sitenote_active":false,"_monsterinsights_sitenote_note":"","_monsterinsights_sitenote_category":0},"class_list":["post-1929","product","type-product","status-publish","has-post-thumbnail","hentry","product_cat-silicone-rubber-molding"],"_links":{"self":[{"href":"https:\/\/zetarmoulding.com\/fr\/wp-json\/wp\/v2\/product\/1929","targetHints":{"allow":["GET"]}}],"collection":[{"href":"https:\/\/zetarmoulding.com\/fr\/wp-json\/wp\/v2\/product"}],"about":[{"href":"https:\/\/zetarmoulding.com\/fr\/wp-json\/wp\/v2\/types\/product"}],"replies":[{"embeddable":true,"href":"https:\/\/zetarmoulding.com\/fr\/wp-json\/wp\/v2\/comments?post=1929"}],"wp:featuredmedia":[{"embeddable":true,"href":"https:\/\/zetarmoulding.com\/fr\/wp-json\/wp\/v2\/media\/1931"}],"wp:attachment":[{"href":"https:\/\/zetarmoulding.com\/fr\/wp-json\/wp\/v2\/media?parent=1929"}],"curies":[{"name":"wp","href":"https:\/\/api.w.org\/{rel}","templated":true}]}}