{"id":2041,"date":"2022-07-25T01:34:15","date_gmt":"2022-07-25T09:34:15","guid":{"rendered":"https:\/\/zetarmoulding.com\/?post_type=product&#038;p=2041"},"modified":"2022-07-25T01:35:31","modified_gmt":"2022-07-25T09:35:31","slug":"silicone-rubber-bracelets","status":"publish","type":"product","link":"https:\/\/zetarmoulding.com\/fr\/product\/bracelets-en-silicone\/","title":{"rendered":"Bracelets en silicone"},"content":{"rendered":"<pre>Nom du produit : Bracelets en silicone\r\nMat\u00e9riau du produit : Silicone FDA\r\nCouleur : peut \u00eatre personnalis\u00e9e selon les besoins\r\nDuret\u00e9 : Personnalisable selon les besoins\r\nTaille : Peut \u00eatre personnalis\u00e9 selon les besoins\r\nEmballage : Peut \u00eatre personnalis\u00e9 selon les besoins\r\nTransport : Express, transport a\u00e9rien, transport maritime<\/pre>","protected":false},"excerpt":{"rendered":"<p>Nom du produit : Bracelets en silicone Mat\u00e9riau du produit : Silicone FDA Couleur : Personnalisable selon les besoins Duret\u00e9 : Peut \u00eatre personnalis\u00e9 selon les besoins Taille : Peut \u00eatre personnalis\u00e9 selon les besoins Emballage : Peut \u00eatre personnalis\u00e9 selon les besoins Transport : Express, exp\u00e9dition a\u00e9rienne, exp\u00e9dition maritime<\/p>","protected":false},"featured_media":2045,"comment_status":"open","ping_status":"closed","template":"","meta":{"_seopress_robots_primary_cat":"none","_monsterinsights_skip_tracking":false,"_monsterinsights_sitenote_active":false,"_monsterinsights_sitenote_note":"","_monsterinsights_sitenote_category":0},"class_list":["post-2041","product","type-product","status-publish","has-post-thumbnail","hentry","product_cat-silicone-rubber-molding"],"_links":{"self":[{"href":"https:\/\/zetarmoulding.com\/fr\/wp-json\/wp\/v2\/product\/2041","targetHints":{"allow":["GET"]}}],"collection":[{"href":"https:\/\/zetarmoulding.com\/fr\/wp-json\/wp\/v2\/product"}],"about":[{"href":"https:\/\/zetarmoulding.com\/fr\/wp-json\/wp\/v2\/types\/product"}],"replies":[{"embeddable":true,"href":"https:\/\/zetarmoulding.com\/fr\/wp-json\/wp\/v2\/comments?post=2041"}],"wp:featuredmedia":[{"embeddable":true,"href":"https:\/\/zetarmoulding.com\/fr\/wp-json\/wp\/v2\/media\/2045"}],"wp:attachment":[{"href":"https:\/\/zetarmoulding.com\/fr\/wp-json\/wp\/v2\/media?parent=2041"}],"curies":[{"name":"wp","href":"https:\/\/api.w.org\/{rel}","templated":true}]}}