{"id":2181,"date":"2022-07-27T20:11:31","date_gmt":"2022-07-28T04:11:31","guid":{"rendered":"https:\/\/zetarmoulding.com\/?post_type=product&#038;p=2181"},"modified":"2022-07-27T20:11:32","modified_gmt":"2022-07-28T04:11:32","slug":"silicone-rubber-cooler-bowl","status":"publish","type":"product","link":"https:\/\/zetarmoulding.com\/fr\/product\/bol-refrigerant-en-silicone\/","title":{"rendered":"Bol r\u00e9frig\u00e9rant en caoutchouc de silicone"},"content":{"rendered":"","protected":false},"excerpt":{"rendered":"<pre>Nom du produit : Bol r\u00e9frig\u00e9rant en caoutchouc de silicone\r\nMat\u00e9riau du produit : Silicone FDA\r\nCouleur : peut \u00eatre personnalis\u00e9e selon les besoins\r\nDuret\u00e9 : Personnalisable selon les besoins\r\nTaille : Peut \u00eatre personnalis\u00e9 selon les besoins\r\nEmballage : Peut \u00eatre personnalis\u00e9 selon les besoins\r\nTransport : Express, exp\u00e9dition par voie a\u00e9rienne, exp\u00e9dition par voie maritime<\/pre>","protected":false},"featured_media":2183,"comment_status":"open","ping_status":"closed","template":"","meta":{"_seopress_robots_primary_cat":"","_monsterinsights_skip_tracking":false,"_monsterinsights_sitenote_active":false,"_monsterinsights_sitenote_note":"","_monsterinsights_sitenote_category":0},"class_list":["post-2181","product","type-product","status-publish","has-post-thumbnail","hentry","product_cat-silicone-rubber-molding"],"_links":{"self":[{"href":"https:\/\/zetarmoulding.com\/fr\/wp-json\/wp\/v2\/product\/2181","targetHints":{"allow":["GET"]}}],"collection":[{"href":"https:\/\/zetarmoulding.com\/fr\/wp-json\/wp\/v2\/product"}],"about":[{"href":"https:\/\/zetarmoulding.com\/fr\/wp-json\/wp\/v2\/types\/product"}],"replies":[{"embeddable":true,"href":"https:\/\/zetarmoulding.com\/fr\/wp-json\/wp\/v2\/comments?post=2181"}],"wp:featuredmedia":[{"embeddable":true,"href":"https:\/\/zetarmoulding.com\/fr\/wp-json\/wp\/v2\/media\/2183"}],"wp:attachment":[{"href":"https:\/\/zetarmoulding.com\/fr\/wp-json\/wp\/v2\/media?parent=2181"}],"curies":[{"name":"wp","href":"https:\/\/api.w.org\/{rel}","templated":true}]}}