{"id":2568,"date":"2022-08-03T22:40:45","date_gmt":"2022-08-04T06:40:45","guid":{"rendered":"https:\/\/zetarmoulding.com\/?post_type=product&#038;p=2568"},"modified":"2022-08-03T22:43:04","modified_gmt":"2022-08-04T06:43:04","slug":"silicone-lunch-box","status":"publish","type":"product","link":"https:\/\/zetarmoulding.com\/fr\/product\/boite-a-lunch-en-silicone\/","title":{"rendered":"Bo\u00eete \u00e0 lunch en silicone"},"content":{"rendered":"","protected":false},"excerpt":{"rendered":"<pre>Nom du produit : Bo\u00eete \u00e0 lunch en silicone\r\nMat\u00e9riau du produit : Silicone FDA\r\nCouleur : Peut \u00eatre personnalis\u00e9e selon les besoins\r\nDuret\u00e9 : Personnalisable selon les besoins\r\nTaille : Peut \u00eatre personnalis\u00e9 selon les besoins\r\nEmballage : Peut \u00eatre personnalis\u00e9 selon les besoins\r\nTransport : Express, transport a\u00e9rien, transport maritime<\/pre>","protected":false},"featured_media":2570,"comment_status":"open","ping_status":"closed","template":"","meta":{"_seopress_robots_primary_cat":"none","_monsterinsights_skip_tracking":false,"_monsterinsights_sitenote_active":false,"_monsterinsights_sitenote_note":"","_monsterinsights_sitenote_category":0},"class_list":["post-2568","product","type-product","status-publish","has-post-thumbnail","hentry","product_cat-silicone-rubber-molding"],"_links":{"self":[{"href":"https:\/\/zetarmoulding.com\/fr\/wp-json\/wp\/v2\/product\/2568","targetHints":{"allow":["GET"]}}],"collection":[{"href":"https:\/\/zetarmoulding.com\/fr\/wp-json\/wp\/v2\/product"}],"about":[{"href":"https:\/\/zetarmoulding.com\/fr\/wp-json\/wp\/v2\/types\/product"}],"replies":[{"embeddable":true,"href":"https:\/\/zetarmoulding.com\/fr\/wp-json\/wp\/v2\/comments?post=2568"}],"wp:featuredmedia":[{"embeddable":true,"href":"https:\/\/zetarmoulding.com\/fr\/wp-json\/wp\/v2\/media\/2570"}],"wp:attachment":[{"href":"https:\/\/zetarmoulding.com\/fr\/wp-json\/wp\/v2\/media?parent=2568"}],"curies":[{"name":"wp","href":"https:\/\/api.w.org\/{rel}","templated":true}]}}