{"id":2667,"date":"2022-08-04T22:57:54","date_gmt":"2022-08-05T06:57:54","guid":{"rendered":"https:\/\/zetarmoulding.com\/?post_type=product&#038;p=2667"},"modified":"2022-08-04T22:57:54","modified_gmt":"2022-08-05T06:57:54","slug":"silicone-anti-hot-hand-gloves","status":"publish","type":"product","link":"https:\/\/zetarmoulding.com\/fr\/product\/gants-en-silicone-anti-chaleur\/","title":{"rendered":"Gants en silicone anti-chaleur"},"content":{"rendered":"","protected":false},"excerpt":{"rendered":"<pre>Nom du produit : Gants en silicone anti-chaleur\r\nMat\u00e9riau du produit : Silicone FDA\r\nCouleur : peut \u00eatre personnalis\u00e9e selon les besoins\r\nDuret\u00e9 : Personnalisable selon les besoins\r\nTaille : Peut \u00eatre personnalis\u00e9 selon les besoins\r\nEmballage : Peut \u00eatre personnalis\u00e9 selon les besoins\r\nTransport : Express, exp\u00e9dition a\u00e9rienne, exp\u00e9dition maritime<\/pre>","protected":false},"featured_media":2672,"comment_status":"open","ping_status":"closed","template":"","meta":{"_seopress_robots_primary_cat":"","_monsterinsights_skip_tracking":false,"_monsterinsights_sitenote_active":false,"_monsterinsights_sitenote_note":"","_monsterinsights_sitenote_category":0},"class_list":["post-2667","product","type-product","status-publish","has-post-thumbnail","hentry","product_cat-silicone-rubber-molding"],"_links":{"self":[{"href":"https:\/\/zetarmoulding.com\/fr\/wp-json\/wp\/v2\/product\/2667","targetHints":{"allow":["GET"]}}],"collection":[{"href":"https:\/\/zetarmoulding.com\/fr\/wp-json\/wp\/v2\/product"}],"about":[{"href":"https:\/\/zetarmoulding.com\/fr\/wp-json\/wp\/v2\/types\/product"}],"replies":[{"embeddable":true,"href":"https:\/\/zetarmoulding.com\/fr\/wp-json\/wp\/v2\/comments?post=2667"}],"wp:featuredmedia":[{"embeddable":true,"href":"https:\/\/zetarmoulding.com\/fr\/wp-json\/wp\/v2\/media\/2672"}],"wp:attachment":[{"href":"https:\/\/zetarmoulding.com\/fr\/wp-json\/wp\/v2\/media?parent=2667"}],"curies":[{"name":"wp","href":"https:\/\/api.w.org\/{rel}","templated":true}]}}