{"id":3022,"date":"2022-08-07T20:21:42","date_gmt":"2022-08-08T04:21:42","guid":{"rendered":"https:\/\/zetarmoulding.com\/?post_type=product&#038;p=3022"},"modified":"2022-08-07T20:22:31","modified_gmt":"2022-08-08T04:22:31","slug":"silicone-cell-phone-stand","status":"publish","type":"product","link":"https:\/\/zetarmoulding.com\/fr\/product\/support-de-telephone-portable-en-silicone\/","title":{"rendered":"Support en silicone pour t\u00e9l\u00e9phone portable"},"content":{"rendered":"","protected":false},"excerpt":{"rendered":"<pre>Nom du produit : Support en silicone pour t\u00e9l\u00e9phone portable\r\nMat\u00e9riau du produit : Silicone FDA\r\nCouleur : peut \u00eatre personnalis\u00e9e selon les besoins\r\nDuret\u00e9 : Peut \u00eatre personnalis\u00e9 selon les besoins\r\nTaille : Peut \u00eatre personnalis\u00e9 selon les besoins\r\nEmballage : Peut \u00eatre personnalis\u00e9 selon les besoins\r\nTransport : Express, transport a\u00e9rien, transport maritime<\/pre>","protected":false},"featured_media":3027,"comment_status":"open","ping_status":"closed","template":"","meta":{"_seopress_robots_primary_cat":"none","_monsterinsights_skip_tracking":false,"_monsterinsights_sitenote_active":false,"_monsterinsights_sitenote_note":"","_monsterinsights_sitenote_category":0},"class_list":["post-3022","product","type-product","status-publish","has-post-thumbnail","hentry","product_cat-silicone-rubber-molding"],"_links":{"self":[{"href":"https:\/\/zetarmoulding.com\/fr\/wp-json\/wp\/v2\/product\/3022","targetHints":{"allow":["GET"]}}],"collection":[{"href":"https:\/\/zetarmoulding.com\/fr\/wp-json\/wp\/v2\/product"}],"about":[{"href":"https:\/\/zetarmoulding.com\/fr\/wp-json\/wp\/v2\/types\/product"}],"replies":[{"embeddable":true,"href":"https:\/\/zetarmoulding.com\/fr\/wp-json\/wp\/v2\/comments?post=3022"}],"wp:featuredmedia":[{"embeddable":true,"href":"https:\/\/zetarmoulding.com\/fr\/wp-json\/wp\/v2\/media\/3027"}],"wp:attachment":[{"href":"https:\/\/zetarmoulding.com\/fr\/wp-json\/wp\/v2\/media?parent=3022"}],"curies":[{"name":"wp","href":"https:\/\/api.w.org\/{rel}","templated":true}]}}