{"id":4836,"date":"2022-09-19T18:30:17","date_gmt":"2022-09-20T02:30:17","guid":{"rendered":"https:\/\/zetarmoulding.com\/?post_type=product&#038;p=4836"},"modified":"2022-09-19T18:30:17","modified_gmt":"2022-09-20T02:30:17","slug":"silicone-christmas-tree-candle-molds","status":"publish","type":"product","link":"https:\/\/zetarmoulding.com\/fr\/product\/moules-en-silicone-pour-bougies-en-forme-darbre-de-noel\/","title":{"rendered":"Moules en silicone pour bougies en forme d'arbre de No\u00ebl"},"content":{"rendered":"","protected":false},"excerpt":{"rendered":"<pre>Nom du produit : Moules en silicone pour bougies en forme d'arbre de No\u00ebl\r\nMat\u00e9riau du produit : Silicone FDA\r\nCouleur : Peut \u00eatre personnalis\u00e9e selon les besoins\r\nDuret\u00e9 : Peut \u00eatre personnalis\u00e9 selon les besoins\r\nTaille : Peut \u00eatre personnalis\u00e9 selon les besoins\r\nEmballage : Peut \u00eatre personnalis\u00e9 selon les besoins\r\nTransport : Express, transport a\u00e9rien, transport maritime<\/pre>","protected":false},"featured_media":4841,"comment_status":"open","ping_status":"closed","template":"","meta":{"_seopress_robots_primary_cat":"","_monsterinsights_skip_tracking":false,"_monsterinsights_sitenote_active":false,"_monsterinsights_sitenote_note":"","_monsterinsights_sitenote_category":0},"class_list":["post-4836","product","type-product","status-publish","has-post-thumbnail","hentry","product_cat-silicone-canddle-mold"],"_links":{"self":[{"href":"https:\/\/zetarmoulding.com\/fr\/wp-json\/wp\/v2\/product\/4836","targetHints":{"allow":["GET"]}}],"collection":[{"href":"https:\/\/zetarmoulding.com\/fr\/wp-json\/wp\/v2\/product"}],"about":[{"href":"https:\/\/zetarmoulding.com\/fr\/wp-json\/wp\/v2\/types\/product"}],"replies":[{"embeddable":true,"href":"https:\/\/zetarmoulding.com\/fr\/wp-json\/wp\/v2\/comments?post=4836"}],"wp:featuredmedia":[{"embeddable":true,"href":"https:\/\/zetarmoulding.com\/fr\/wp-json\/wp\/v2\/media\/4841"}],"wp:attachment":[{"href":"https:\/\/zetarmoulding.com\/fr\/wp-json\/wp\/v2\/media?parent=4836"}],"curies":[{"name":"wp","href":"https:\/\/api.w.org\/{rel}","templated":true}]}}