{"id":5159,"date":"2022-09-29T21:50:07","date_gmt":"2022-09-30T05:50:07","guid":{"rendered":"https:\/\/zetarmoulding.com\/?post_type=product&#038;p=5159"},"modified":"2022-09-29T21:50:07","modified_gmt":"2022-09-30T05:50:07","slug":"silicone-candle-mold-10","status":"publish","type":"product","link":"https:\/\/zetarmoulding.com\/fr\/product\/moule-a-bougie-en-silicone-10\/","title":{"rendered":"Moule \u00e0 bougie en silicone"},"content":{"rendered":"","protected":false},"excerpt":{"rendered":"<pre>Nom du produit : Moule \u00e0 bougie en silicone\r\nMat\u00e9riau du produit : Silicone FDA\r\nCouleur : peut \u00eatre personnalis\u00e9e selon les besoins\r\nDuret\u00e9 : Peut \u00eatre personnalis\u00e9 selon les besoins\r\nTaille : Peut \u00eatre personnalis\u00e9 selon les besoins\r\nEmballage : Peut \u00eatre personnalis\u00e9 selon les besoins\r\nTransport : Express, transport a\u00e9rien, transport maritime<\/pre>","protected":false},"featured_media":5166,"comment_status":"open","ping_status":"closed","template":"","meta":{"_seopress_robots_primary_cat":"","_monsterinsights_skip_tracking":false,"_monsterinsights_sitenote_active":false,"_monsterinsights_sitenote_note":"","_monsterinsights_sitenote_category":0},"class_list":["post-5159","product","type-product","status-publish","has-post-thumbnail","hentry","product_cat-silicone-canddle-mold"],"_links":{"self":[{"href":"https:\/\/zetarmoulding.com\/fr\/wp-json\/wp\/v2\/product\/5159","targetHints":{"allow":["GET"]}}],"collection":[{"href":"https:\/\/zetarmoulding.com\/fr\/wp-json\/wp\/v2\/product"}],"about":[{"href":"https:\/\/zetarmoulding.com\/fr\/wp-json\/wp\/v2\/types\/product"}],"replies":[{"embeddable":true,"href":"https:\/\/zetarmoulding.com\/fr\/wp-json\/wp\/v2\/comments?post=5159"}],"wp:featuredmedia":[{"embeddable":true,"href":"https:\/\/zetarmoulding.com\/fr\/wp-json\/wp\/v2\/media\/5166"}],"wp:attachment":[{"href":"https:\/\/zetarmoulding.com\/fr\/wp-json\/wp\/v2\/media?parent=5159"}],"curies":[{"name":"wp","href":"https:\/\/api.w.org\/{rel}","templated":true}]}}