{"id":5548,"date":"2022-10-19T18:17:47","date_gmt":"2022-10-20T02:17:47","guid":{"rendered":"https:\/\/zetarmoulding.com\/?post_type=product&#038;p=5548"},"modified":"2022-10-19T18:17:47","modified_gmt":"2022-10-20T02:17:47","slug":"silicone-candle-mold-25","status":"publish","type":"product","link":"https:\/\/zetarmoulding.com\/fr\/product\/moule-a-bougie-en-silicone-25\/","title":{"rendered":"Moule \u00e0 bougie en silicone"},"content":{"rendered":"","protected":false},"excerpt":{"rendered":"<pre>Nom du produit : Moule \u00e0 bougie en silicone\r\nMat\u00e9riau du produit : Silicone FDA\r\nCouleur : peut \u00eatre personnalis\u00e9e selon les besoins\r\nDuret\u00e9 : Peut \u00eatre personnalis\u00e9 selon les besoins\r\nTaille : Peut \u00eatre personnalis\u00e9 selon les besoins\r\nEmballage : Peut \u00eatre personnalis\u00e9 selon les besoins\r\nTransport : Express, transport a\u00e9rien, transport maritime<\/pre>","protected":false},"featured_media":5550,"comment_status":"open","ping_status":"closed","template":"","meta":{"_seopress_robots_primary_cat":"","_monsterinsights_skip_tracking":false,"_monsterinsights_sitenote_active":false,"_monsterinsights_sitenote_note":"","_monsterinsights_sitenote_category":0},"class_list":["post-5548","product","type-product","status-publish","has-post-thumbnail","hentry","product_cat-silicone-canddle-mold"],"_links":{"self":[{"href":"https:\/\/zetarmoulding.com\/fr\/wp-json\/wp\/v2\/product\/5548","targetHints":{"allow":["GET"]}}],"collection":[{"href":"https:\/\/zetarmoulding.com\/fr\/wp-json\/wp\/v2\/product"}],"about":[{"href":"https:\/\/zetarmoulding.com\/fr\/wp-json\/wp\/v2\/types\/product"}],"replies":[{"embeddable":true,"href":"https:\/\/zetarmoulding.com\/fr\/wp-json\/wp\/v2\/comments?post=5548"}],"wp:featuredmedia":[{"embeddable":true,"href":"https:\/\/zetarmoulding.com\/fr\/wp-json\/wp\/v2\/media\/5550"}],"wp:attachment":[{"href":"https:\/\/zetarmoulding.com\/fr\/wp-json\/wp\/v2\/media?parent=5548"}],"curies":[{"name":"wp","href":"https:\/\/api.w.org\/{rel}","templated":true}]}}