{"id":2436,"date":"2022-08-01T22:43:00","date_gmt":"2022-08-02T06:43:00","guid":{"rendered":"https:\/\/zetarmoulding.com\/?post_type=product&#038;p=2436"},"modified":"2022-08-01T22:43:00","modified_gmt":"2022-08-02T06:43:00","slug":"silicone-teething-stick","status":"publish","type":"product","link":"https:\/\/zetarmoulding.com\/it\/product\/bastoncino-da-dentizione-in-silicone\/","title":{"rendered":"Bastoncino da dentizione in silicone"},"content":{"rendered":"<pre>Nome del prodotto: Bastoncino da dentizione in silicone\r\nMateriale del prodotto: Silicone FDA\r\nColore: pu\u00f2 essere personalizzato come richiesto\r\nDurezza: Pu\u00f2 essere personalizzato come richiesto\r\nDimensioni: Pu\u00f2 essere personalizzato come richiesto\r\nImballaggio: Pu\u00f2 essere personalizzato come richiesto\r\nTrasporto: Espresso, spedizione aerea, spedizione via mare<\/pre>","protected":false},"excerpt":{"rendered":"<p>Nome del prodotto: Bastoncino da dentizione in silicone Materiale del prodotto: Silicone FDA Colore: Pu\u00f2 essere personalizzato come richiesto Durezza: Pu\u00f2 essere personalizzato come richiesto Dimensioni: Pu\u00f2 essere personalizzato come richiesto Imballaggio: Pu\u00f2 essere personalizzato come richiesto Trasporto: Espresso, spedizione aerea, spedizione via mare<\/p>","protected":false},"featured_media":2439,"comment_status":"open","ping_status":"closed","template":"","meta":{"_seopress_robots_primary_cat":"","_monsterinsights_skip_tracking":false,"_monsterinsights_sitenote_active":false,"_monsterinsights_sitenote_note":"","_monsterinsights_sitenote_category":0},"class_list":["post-2436","product","type-product","status-publish","has-post-thumbnail","hentry","product_cat-silicone-rubber-molding"],"_links":{"self":[{"href":"https:\/\/zetarmoulding.com\/it\/wp-json\/wp\/v2\/product\/2436","targetHints":{"allow":["GET"]}}],"collection":[{"href":"https:\/\/zetarmoulding.com\/it\/wp-json\/wp\/v2\/product"}],"about":[{"href":"https:\/\/zetarmoulding.com\/it\/wp-json\/wp\/v2\/types\/product"}],"replies":[{"embeddable":true,"href":"https:\/\/zetarmoulding.com\/it\/wp-json\/wp\/v2\/comments?post=2436"}],"wp:featuredmedia":[{"embeddable":true,"href":"https:\/\/zetarmoulding.com\/it\/wp-json\/wp\/v2\/media\/2439"}],"wp:attachment":[{"href":"https:\/\/zetarmoulding.com\/it\/wp-json\/wp\/v2\/media?parent=2436"}],"curies":[{"name":"wp","href":"https:\/\/api.w.org\/{rel}","templated":true}]}}