{"id":1521,"date":"2022-07-14T00:41:15","date_gmt":"2022-07-14T08:41:15","guid":{"rendered":"https:\/\/zetarmoulding.com\/?post_type=product&#038;p=1521"},"modified":"2022-07-14T01:21:28","modified_gmt":"2022-07-14T09:21:28","slug":"silicone-rubber-cake-mold","status":"publish","type":"product","link":"https:\/\/zetarmoulding.com\/pl\/product\/forma-do-ciasta-z-gumy-silikonowej\/","title":{"rendered":"Forma do lod\u00f3w z gumy silikonowej"},"content":{"rendered":"","protected":false},"excerpt":{"rendered":"<pre>Nazwa produktu: Forma do lod\u00f3w z gumy silikonowej\r\nMateria\u0142 produktu: Silikon FDA\r\nKolor: mo\u017cna dostosowa\u0107 zgodnie z wymaganiami\r\nTwardo\u015b\u0107: Mo\u017cna dostosowa\u0107 zgodnie z wymaganiami\r\nRozmiar: Mo\u017cna dostosowa\u0107 zgodnie z wymaganiami\r\nOpakowanie: Mo\u017cna dostosowa\u0107 zgodnie z wymaganiami\r\nTransport: Ekspresowy, lotniczy, morski<\/pre>","protected":false},"featured_media":1523,"comment_status":"open","ping_status":"closed","template":"","meta":{"_seopress_robots_primary_cat":"none","_monsterinsights_skip_tracking":false,"_monsterinsights_sitenote_active":false,"_monsterinsights_sitenote_note":"","_monsterinsights_sitenote_category":0},"class_list":["post-1521","product","type-product","status-publish","has-post-thumbnail","hentry","product_cat-silicone-rubber-mold"],"_links":{"self":[{"href":"https:\/\/zetarmoulding.com\/pl\/wp-json\/wp\/v2\/product\/1521","targetHints":{"allow":["GET"]}}],"collection":[{"href":"https:\/\/zetarmoulding.com\/pl\/wp-json\/wp\/v2\/product"}],"about":[{"href":"https:\/\/zetarmoulding.com\/pl\/wp-json\/wp\/v2\/types\/product"}],"replies":[{"embeddable":true,"href":"https:\/\/zetarmoulding.com\/pl\/wp-json\/wp\/v2\/comments?post=1521"}],"wp:featuredmedia":[{"embeddable":true,"href":"https:\/\/zetarmoulding.com\/pl\/wp-json\/wp\/v2\/media\/1523"}],"wp:attachment":[{"href":"https:\/\/zetarmoulding.com\/pl\/wp-json\/wp\/v2\/media?parent=1521"}],"curies":[{"name":"wp","href":"https:\/\/api.w.org\/{rel}","templated":true}]}}