{"id":1656,"date":"2022-07-18T01:15:37","date_gmt":"2022-07-18T09:15:37","guid":{"rendered":"https:\/\/zetarmoulding.com\/?post_type=product&#038;p=1656"},"modified":"2022-07-18T02:00:08","modified_gmt":"2022-07-18T10:00:08","slug":"lsr-injection-molding-silicone-nipples","status":"publish","type":"product","link":"https:\/\/zetarmoulding.com\/pl\/product\/smoczki-silikonowe-do-formowania-wtryskowego-lsr\/","title":{"rendered":"Smoczki silikonowe do formowania wtryskowego LSR"},"content":{"rendered":"","protected":false},"excerpt":{"rendered":"<pre>Nazwa produktu: Smoczki silikonowe do formowania wtryskowego LSR\r\nMateria\u0142 produktu: Silikon FDA\r\nKolor: mo\u017cna dostosowa\u0107 zgodnie z wymaganiami\r\nTwardo\u015b\u0107: Mo\u017cna dostosowa\u0107 zgodnie z wymaganiami\r\nRozmiar: Mo\u017cna dostosowa\u0107 zgodnie z wymaganiami\r\nOpakowanie: Mo\u017cna dostosowa\u0107 zgodnie z wymaganiami\r\nTransport: Ekspresowy, lotniczy, morski<\/pre>","protected":false},"featured_media":1658,"comment_status":"open","ping_status":"closed","template":"","meta":{"_seopress_robots_primary_cat":"none","_monsterinsights_skip_tracking":false,"_monsterinsights_sitenote_active":false,"_monsterinsights_sitenote_note":"","_monsterinsights_sitenote_category":0},"class_list":["post-1656","product","type-product","status-publish","has-post-thumbnail","hentry","product_cat-lsr-injection-molding"],"_links":{"self":[{"href":"https:\/\/zetarmoulding.com\/pl\/wp-json\/wp\/v2\/product\/1656","targetHints":{"allow":["GET"]}}],"collection":[{"href":"https:\/\/zetarmoulding.com\/pl\/wp-json\/wp\/v2\/product"}],"about":[{"href":"https:\/\/zetarmoulding.com\/pl\/wp-json\/wp\/v2\/types\/product"}],"replies":[{"embeddable":true,"href":"https:\/\/zetarmoulding.com\/pl\/wp-json\/wp\/v2\/comments?post=1656"}],"wp:featuredmedia":[{"embeddable":true,"href":"https:\/\/zetarmoulding.com\/pl\/wp-json\/wp\/v2\/media\/1658"}],"wp:attachment":[{"href":"https:\/\/zetarmoulding.com\/pl\/wp-json\/wp\/v2\/media?parent=1656"}],"curies":[{"name":"wp","href":"https:\/\/api.w.org\/{rel}","templated":true}]}}