{"id":1935,"date":"2022-07-21T22:22:28","date_gmt":"2022-07-22T06:22:28","guid":{"rendered":"https:\/\/zetarmoulding.com\/?post_type=product&#038;p=1935"},"modified":"2022-07-21T22:50:37","modified_gmt":"2022-07-22T06:50:37","slug":"silicone-baby-pill-feeder","status":"publish","type":"product","link":"https:\/\/zetarmoulding.com\/pl\/product\/silikonowy-podajnik-tabletek-dla-niemowlat\/","title":{"rendered":"Silikonowy podajnik tabletek dla niemowl\u0105t"},"content":{"rendered":"","protected":false},"excerpt":{"rendered":"<pre>Nazwa produktu: Silikonowy podajnik tabletek dla niemowl\u0105t\r\nMateria\u0142 produktu: Silikon FDA\r\nKolor: mo\u017cna dostosowa\u0107 zgodnie z wymaganiami\r\nTwardo\u015b\u0107: Mo\u017cna dostosowa\u0107 zgodnie z wymaganiami\r\nRozmiar: Mo\u017cna dostosowa\u0107 zgodnie z wymaganiami\r\nOpakowanie: Mo\u017cna dostosowa\u0107 zgodnie z wymaganiami\r\nTransport: Ekspresowy, lotniczy, morski<\/pre>","protected":false},"featured_media":1938,"comment_status":"open","ping_status":"closed","template":"","meta":{"_seopress_robots_primary_cat":"none","_monsterinsights_skip_tracking":false,"_monsterinsights_sitenote_active":false,"_monsterinsights_sitenote_note":"","_monsterinsights_sitenote_category":0},"class_list":["post-1935","product","type-product","status-publish","has-post-thumbnail","hentry","product_cat-lsr-injection-molding"],"_links":{"self":[{"href":"https:\/\/zetarmoulding.com\/pl\/wp-json\/wp\/v2\/product\/1935","targetHints":{"allow":["GET"]}}],"collection":[{"href":"https:\/\/zetarmoulding.com\/pl\/wp-json\/wp\/v2\/product"}],"about":[{"href":"https:\/\/zetarmoulding.com\/pl\/wp-json\/wp\/v2\/types\/product"}],"replies":[{"embeddable":true,"href":"https:\/\/zetarmoulding.com\/pl\/wp-json\/wp\/v2\/comments?post=1935"}],"wp:featuredmedia":[{"embeddable":true,"href":"https:\/\/zetarmoulding.com\/pl\/wp-json\/wp\/v2\/media\/1938"}],"wp:attachment":[{"href":"https:\/\/zetarmoulding.com\/pl\/wp-json\/wp\/v2\/media?parent=1935"}],"curies":[{"name":"wp","href":"https:\/\/api.w.org\/{rel}","templated":true}]}}