{"id":2041,"date":"2022-07-25T01:34:15","date_gmt":"2022-07-25T09:34:15","guid":{"rendered":"https:\/\/zetarmoulding.com\/?post_type=product&#038;p=2041"},"modified":"2022-07-25T01:35:31","modified_gmt":"2022-07-25T09:35:31","slug":"silicone-rubber-bracelets","status":"publish","type":"product","link":"https:\/\/zetarmoulding.com\/pl\/product\/bransoletki-z-gumy-silikonowej\/","title":{"rendered":"Bransoletki z gumy silikonowej"},"content":{"rendered":"<pre>Nazwa produktu: Bransoletki z gumy silikonowej\r\nMateria\u0142 produktu: Silikon FDA\r\nKolor: mo\u017cna dostosowa\u0107 zgodnie z wymaganiami\r\nTwardo\u015b\u0107: Mo\u017cna dostosowa\u0107 zgodnie z wymaganiami\r\nRozmiar: Mo\u017cna dostosowa\u0107 zgodnie z wymaganiami\r\nOpakowanie: Mo\u017cna dostosowa\u0107 zgodnie z wymaganiami\r\nTransport: Ekspresowy, lotniczy, morski<\/pre>","protected":false},"excerpt":{"rendered":"<p>Nazwa produktu: Bransoletki z gumy silikonowej Materia\u0142 produktu: Silikon FDA Kolor: Mo\u017cna dostosowa\u0107 zgodnie z wymaganiami Twardo\u015b\u0107: Mo\u017cna dostosowa\u0107 zgodnie z wymaganiami Rozmiar: Mo\u017cna dostosowa\u0107 zgodnie z wymaganiami Opakowanie: Mo\u017cna dostosowa\u0107 zgodnie z wymaganiami Transport: Ekspresowy, lotniczy, morski<\/p>","protected":false},"featured_media":2045,"comment_status":"open","ping_status":"closed","template":"","meta":{"_seopress_robots_primary_cat":"none","_monsterinsights_skip_tracking":false,"_monsterinsights_sitenote_active":false,"_monsterinsights_sitenote_note":"","_monsterinsights_sitenote_category":0},"class_list":["post-2041","product","type-product","status-publish","has-post-thumbnail","hentry","product_cat-silicone-rubber-molding"],"_links":{"self":[{"href":"https:\/\/zetarmoulding.com\/pl\/wp-json\/wp\/v2\/product\/2041","targetHints":{"allow":["GET"]}}],"collection":[{"href":"https:\/\/zetarmoulding.com\/pl\/wp-json\/wp\/v2\/product"}],"about":[{"href":"https:\/\/zetarmoulding.com\/pl\/wp-json\/wp\/v2\/types\/product"}],"replies":[{"embeddable":true,"href":"https:\/\/zetarmoulding.com\/pl\/wp-json\/wp\/v2\/comments?post=2041"}],"wp:featuredmedia":[{"embeddable":true,"href":"https:\/\/zetarmoulding.com\/pl\/wp-json\/wp\/v2\/media\/2045"}],"wp:attachment":[{"href":"https:\/\/zetarmoulding.com\/pl\/wp-json\/wp\/v2\/media?parent=2041"}],"curies":[{"name":"wp","href":"https:\/\/api.w.org\/{rel}","templated":true}]}}