{"id":2517,"date":"2022-08-03T00:17:03","date_gmt":"2022-08-03T08:17:03","guid":{"rendered":"https:\/\/zetarmoulding.com\/?post_type=product&#038;p=2517"},"modified":"2022-08-03T00:17:03","modified_gmt":"2022-08-03T08:17:03","slug":"silicone-collapsible-coffee-water-cup","status":"publish","type":"product","link":"https:\/\/zetarmoulding.com\/pt\/product\/copo-de-silicone-rebativel-para-cafe-e-agua\/","title":{"rendered":"Copo de \u00e1gua para caf\u00e9 dobr\u00e1vel em silicone"},"content":{"rendered":"","protected":false},"excerpt":{"rendered":"<pre>Nome do produto: Copo de \u00e1gua de caf\u00e9 dobr\u00e1vel de silicone\r\nMaterial do produto: Silicone FDA\r\nCor: Pode ser personalizado conforme necess\u00e1rio\r\nDureza: Pode ser personalizado conforme necess\u00e1rio\r\nTamanho: Pode ser personalizado conforme necess\u00e1rio\r\nEmbalagem: Pode ser personalizado conforme necess\u00e1rio\r\nTransporte: Expresso, transporte a\u00e9reo, transporte mar\u00edtimo<\/pre>","protected":false},"featured_media":2521,"comment_status":"open","ping_status":"closed","template":"","meta":{"_seopress_robots_primary_cat":"","_monsterinsights_skip_tracking":false,"_monsterinsights_sitenote_active":false,"_monsterinsights_sitenote_note":"","_monsterinsights_sitenote_category":0},"class_list":["post-2517","product","type-product","status-publish","has-post-thumbnail","hentry","product_cat-silicone-rubber-molding"],"_links":{"self":[{"href":"https:\/\/zetarmoulding.com\/pt\/wp-json\/wp\/v2\/product\/2517","targetHints":{"allow":["GET"]}}],"collection":[{"href":"https:\/\/zetarmoulding.com\/pt\/wp-json\/wp\/v2\/product"}],"about":[{"href":"https:\/\/zetarmoulding.com\/pt\/wp-json\/wp\/v2\/types\/product"}],"replies":[{"embeddable":true,"href":"https:\/\/zetarmoulding.com\/pt\/wp-json\/wp\/v2\/comments?post=2517"}],"wp:featuredmedia":[{"embeddable":true,"href":"https:\/\/zetarmoulding.com\/pt\/wp-json\/wp\/v2\/media\/2521"}],"wp:attachment":[{"href":"https:\/\/zetarmoulding.com\/pt\/wp-json\/wp\/v2\/media?parent=2517"}],"curies":[{"name":"wp","href":"https:\/\/api.w.org\/{rel}","templated":true}]}}