{"id":1233,"date":"2022-07-11T00:50:07","date_gmt":"2022-07-11T08:50:07","guid":{"rendered":"https:\/\/zetarmoulding.com\/?post_type=product&#038;p=1233"},"modified":"2022-07-12T01:54:41","modified_gmt":"2022-07-12T09:54:41","slug":"lsr-injection-molding-breast-pumps","status":"publish","type":"product","link":"https:\/\/zetarmoulding.com\/tr\/product\/lsr-enjeksi%cc%87yon-kaliplama-gogus-pompalari\/","title":{"rendered":"LSR Enjeksiyon Kal\u0131plama G\u00f6\u011f\u00fcs Pompalar\u0131"},"content":{"rendered":"","protected":false},"excerpt":{"rendered":"<pre>\u00dcr\u00fcn Ad\u0131: Silikon G\u00f6\u011f\u00fcs Pompas\u0131\r\n\u00dcr\u00fcn Malzemesi: FDA Silikon\r\nRenk: Gerekti\u011fi gibi \u00f6zelle\u015ftirilebilir\r\nSertlik: Gerekti\u011fi gibi \u00f6zelle\u015ftirilebilir\r\nBoyut: Gerekti\u011fi gibi \u00f6zelle\u015ftirilebilir\r\nPaketleme: Gerekti\u011fi gibi \u00f6zelle\u015ftirilebilir\r\nNakliye: Ekspres, Hava Ta\u015f\u0131mac\u0131l\u0131\u011f\u0131, Deniz Ta\u015f\u0131mac\u0131l\u0131\u011f\u0131<\/pre>","protected":false},"featured_media":1279,"comment_status":"open","ping_status":"closed","template":"","meta":{"_seopress_robots_primary_cat":"","_monsterinsights_skip_tracking":false,"_monsterinsights_sitenote_active":false,"_monsterinsights_sitenote_note":"","_monsterinsights_sitenote_category":0},"class_list":["post-1233","product","type-product","status-publish","has-post-thumbnail","hentry","product_cat-lsr-injection-molding"],"_links":{"self":[{"href":"https:\/\/zetarmoulding.com\/tr\/wp-json\/wp\/v2\/product\/1233","targetHints":{"allow":["GET"]}}],"collection":[{"href":"https:\/\/zetarmoulding.com\/tr\/wp-json\/wp\/v2\/product"}],"about":[{"href":"https:\/\/zetarmoulding.com\/tr\/wp-json\/wp\/v2\/types\/product"}],"replies":[{"embeddable":true,"href":"https:\/\/zetarmoulding.com\/tr\/wp-json\/wp\/v2\/comments?post=1233"}],"wp:featuredmedia":[{"embeddable":true,"href":"https:\/\/zetarmoulding.com\/tr\/wp-json\/wp\/v2\/media\/1279"}],"wp:attachment":[{"href":"https:\/\/zetarmoulding.com\/tr\/wp-json\/wp\/v2\/media?parent=1233"}],"curies":[{"name":"wp","href":"https:\/\/api.w.org\/{rel}","templated":true}]}}