{"id":2493,"date":"2022-08-03T00:05:55","date_gmt":"2022-08-03T08:05:55","guid":{"rendered":"https:\/\/zetarmoulding.com\/?post_type=product&#038;p=2493"},"modified":"2022-08-03T00:05:55","modified_gmt":"2022-08-03T08:05:55","slug":"silicone-folding-water-bottle","status":"publish","type":"product","link":"https:\/\/zetarmoulding.com\/tr\/product\/silikon-katlanir-su-sisesi\/","title":{"rendered":"Silikon katlan\u0131r su \u015fi\u015fesi"},"content":{"rendered":"","protected":false},"excerpt":{"rendered":"<pre>\u00dcr\u00fcn Ad\u0131: Silikon katlan\u0131r su \u015fi\u015fesi\r\n\u00dcr\u00fcn Malzemesi: FDA Silikon\r\nRenk: Gerekti\u011fi gibi \u00f6zelle\u015ftirilebilir\r\nSertlik: Gerekti\u011fi gibi \u00f6zelle\u015ftirilebilir\r\nBoyut: Gerekti\u011fi gibi \u00f6zelle\u015ftirilebilir\r\nPaketleme: Gerekti\u011fi gibi \u00f6zelle\u015ftirilebilir\r\nNakliye: Ekspres, Hava Ta\u015f\u0131mac\u0131l\u0131\u011f\u0131, Deniz Ta\u015f\u0131mac\u0131l\u0131\u011f\u0131<\/pre>","protected":false},"featured_media":2499,"comment_status":"open","ping_status":"closed","template":"","meta":{"_seopress_robots_primary_cat":"","_monsterinsights_skip_tracking":false,"_monsterinsights_sitenote_active":false,"_monsterinsights_sitenote_note":"","_monsterinsights_sitenote_category":0},"class_list":["post-2493","product","type-product","status-publish","has-post-thumbnail","hentry","product_cat-silicone-rubber-molding"],"_links":{"self":[{"href":"https:\/\/zetarmoulding.com\/tr\/wp-json\/wp\/v2\/product\/2493","targetHints":{"allow":["GET"]}}],"collection":[{"href":"https:\/\/zetarmoulding.com\/tr\/wp-json\/wp\/v2\/product"}],"about":[{"href":"https:\/\/zetarmoulding.com\/tr\/wp-json\/wp\/v2\/types\/product"}],"replies":[{"embeddable":true,"href":"https:\/\/zetarmoulding.com\/tr\/wp-json\/wp\/v2\/comments?post=2493"}],"wp:featuredmedia":[{"embeddable":true,"href":"https:\/\/zetarmoulding.com\/tr\/wp-json\/wp\/v2\/media\/2499"}],"wp:attachment":[{"href":"https:\/\/zetarmoulding.com\/tr\/wp-json\/wp\/v2\/media?parent=2493"}],"curies":[{"name":"wp","href":"https:\/\/api.w.org\/{rel}","templated":true}]}}