{"id":5528,"date":"2022-10-19T00:56:11","date_gmt":"2022-10-19T08:56:11","guid":{"rendered":"https:\/\/zetarmoulding.com\/?post_type=product&#038;p=5528"},"modified":"2022-10-19T00:59:46","modified_gmt":"2022-10-19T08:59:46","slug":"silicone-soap-mold-17","status":"publish","type":"product","link":"https:\/\/zetarmoulding.com\/tr\/product\/silikon-sabun-kalibi-17\/","title":{"rendered":"Silikon Sabun Kal\u0131b\u0131"},"content":{"rendered":"","protected":false},"excerpt":{"rendered":"<pre>\u00dcr\u00fcn Ad\u0131 Silikon Sabun Kal\u0131b\u0131\r\n\u00dcr\u00fcn Malzemesi: FDA Silikon\r\nRenk: Gerekti\u011fi gibi \u00f6zelle\u015ftirilebilir\r\nSertlik: Gerekti\u011fi gibi \u00f6zelle\u015ftirilebilir\r\nBoyut: Gerekti\u011fi gibi \u00f6zelle\u015ftirilebilir\r\nPaketleme: Gerekti\u011fi gibi \u00f6zelle\u015ftirilebilir\r\nNakliye: Ekspres, Hava Ta\u015f\u0131mac\u0131l\u0131\u011f\u0131, Deniz Ta\u015f\u0131mac\u0131l\u0131\u011f\u0131<\/pre>","protected":false},"featured_media":5530,"comment_status":"open","ping_status":"closed","template":"","meta":{"_seopress_robots_primary_cat":"none","_monsterinsights_skip_tracking":false,"_monsterinsights_sitenote_active":false,"_monsterinsights_sitenote_note":"","_monsterinsights_sitenote_category":0},"class_list":["post-5528","product","type-product","status-publish","has-post-thumbnail","hentry","product_cat-silicone-soap-mold"],"_links":{"self":[{"href":"https:\/\/zetarmoulding.com\/tr\/wp-json\/wp\/v2\/product\/5528","targetHints":{"allow":["GET"]}}],"collection":[{"href":"https:\/\/zetarmoulding.com\/tr\/wp-json\/wp\/v2\/product"}],"about":[{"href":"https:\/\/zetarmoulding.com\/tr\/wp-json\/wp\/v2\/types\/product"}],"replies":[{"embeddable":true,"href":"https:\/\/zetarmoulding.com\/tr\/wp-json\/wp\/v2\/comments?post=5528"}],"wp:featuredmedia":[{"embeddable":true,"href":"https:\/\/zetarmoulding.com\/tr\/wp-json\/wp\/v2\/media\/5530"}],"wp:attachment":[{"href":"https:\/\/zetarmoulding.com\/tr\/wp-json\/wp\/v2\/media?parent=5528"}],"curies":[{"name":"wp","href":"https:\/\/api.w.org\/{rel}","templated":true}]}}